{"id":866,"date":"2023-06-26T14:27:06","date_gmt":"2023-06-26T14:27:06","guid":{"rendered":"https:\/\/martiperpinya.es\/blog\/"},"modified":"2023-06-27T14:21:51","modified_gmt":"2023-06-27T14:21:51","slug":"blog","status":"publish","type":"page","link":"https:\/\/martiperpinya.es\/es\/blog\/","title":{"rendered":"Blog"},"content":{"rendered":"\t\t<div data-elementor-type=\"wp-page\" data-elementor-id=\"866\" class=\"elementor elementor-866 elementor-268\" data-elementor-post-type=\"page\">\n\t\t\t\t<div class=\"elementor-element elementor-element-e1b1d18 e-con-full e-flex e-con e-parent\" data-id=\"e1b1d18\" data-element_type=\"container\" data-settings=\"{&quot;background_background&quot;:&quot;classic&quot;}\" data-core-v316-plus=\"true\">\n\t\t\t\t<div class=\"elementor-element elementor-element-ff6fa3c elementor-widget elementor-widget-heading\" data-id=\"ff6fa3c\" data-element_type=\"widget\" data-widget_type=\"heading.default\">\n\t\t\t\t<div class=\"elementor-widget-container\">\n\t\t\t<style>\/*! elementor - v3.20.0 - 13-03-2024 *\/\n.elementor-heading-title{padding:0;margin:0;line-height:1}.elementor-widget-heading .elementor-heading-title[class*=elementor-size-]>a{color:inherit;font-size:inherit;line-height:inherit}.elementor-widget-heading .elementor-heading-title.elementor-size-small{font-size:15px}.elementor-widget-heading .elementor-heading-title.elementor-size-medium{font-size:19px}.elementor-widget-heading .elementor-heading-title.elementor-size-large{font-size:29px}.elementor-widget-heading .elementor-heading-title.elementor-size-xl{font-size:39px}.elementor-widget-heading .elementor-heading-title.elementor-size-xxl{font-size:59px}<\/style><h2 class=\"elementor-heading-title elementor-size-default\">Blog<\/h2>\t\t<\/div>\n\t\t\t\t<\/div>\n\t\t\t\t<\/div>\n\t\t<div class=\"elementor-element elementor-element-03e898c e-flex e-con-boxed e-con e-parent\" data-id=\"03e898c\" data-element_type=\"container\" data-core-v316-plus=\"true\">\n\t\t\t\t\t<div class=\"e-con-inner\">\n\t\t\t\t<div class=\"elementor-element elementor-element-28ac844 elementor-invisible elementor-widget elementor-widget-heading\" data-id=\"28ac844\" data-element_type=\"widget\" data-settings=\"{&quot;_animation&quot;:&quot;fadeInUp&quot;}\" data-widget_type=\"heading.default\">\n\t\t\t\t<div class=\"elementor-widget-container\">\n\t\t\t<h2 class=\"elementor-heading-title elementor-size-default\">Ad\u00e9ntrate en nuestro blog y descubre un <br> mar de conocimientos legales<\/h2>\t\t<\/div>\n\t\t\t\t<\/div>\n\t\t\t\t<div class=\"elementor-element elementor-element-24d01ad elementor-invisible elementor-widget elementor-widget-text-editor\" data-id=\"24d01ad\" data-element_type=\"widget\" data-settings=\"{&quot;_animation&quot;:&quot;fadeInUp&quot;}\" data-widget_type=\"text-editor.default\">\n\t\t\t\t<div class=\"elementor-widget-container\">\n\t\t\t<style>\/*! elementor - v3.20.0 - 13-03-2024 *\/\n.elementor-widget-text-editor.elementor-drop-cap-view-stacked .elementor-drop-cap{background-color:#69727d;color:#fff}.elementor-widget-text-editor.elementor-drop-cap-view-framed .elementor-drop-cap{color:#69727d;border:3px solid;background-color:transparent}.elementor-widget-text-editor:not(.elementor-drop-cap-view-default) .elementor-drop-cap{margin-top:8px}.elementor-widget-text-editor:not(.elementor-drop-cap-view-default) .elementor-drop-cap-letter{width:1em;height:1em}.elementor-widget-text-editor .elementor-drop-cap{float:left;text-align:center;line-height:1;font-size:50px}.elementor-widget-text-editor .elementor-drop-cap-letter{display:inline-block}<\/style>\t\t\t\t<p><span style=\"color: var( --e-global-color-text ); text-align: var(--text-align); font-size: 1rem;\">Encuentra las mejores historias, consejos valiosos e ideas perspicaces para reforzar tus derechos y proteger tus intereses. Entra en el mundo legal con nuestro asesoramiento.<\/span><\/p>\n\t\t\t\t\t\t<\/div>\n\t\t\t\t<\/div>\n\t\t\t\t\t<\/div>\n\t\t\t\t<\/div>\n\t\t<div class=\"elementor-element elementor-element-f93959d e-con-full e-flex elementor-invisible e-con e-parent\" data-id=\"f93959d\" data-element_type=\"container\" data-settings=\"{&quot;animation&quot;:&quot;fadeInUp&quot;}\" data-core-v316-plus=\"true\">\n\t\t\t\t<div class=\"elementor-element elementor-element-ceb2efb elementor-grid-eael-col-4 elementor-grid-tablet-eael-col-2 elementor-grid-mobile-eael-col-1 elementor-widget elementor-widget-eael-post-grid\" data-id=\"ceb2efb\" data-element_type=\"widget\" data-settings=\"{&quot;eael_post_grid_columns&quot;:&quot;eael-col-4&quot;,&quot;eael_post_grid_columns_tablet&quot;:&quot;eael-col-2&quot;,&quot;eael_post_grid_columns_mobile&quot;:&quot;eael-col-1&quot;}\" data-widget_type=\"eael-post-grid.default\">\n\t\t\t\t<div class=\"elementor-widget-container\">\n\t\t\t<div id=\"eael-post-grid-ceb2efb\" class=\"eael-post-grid-container\">\n            <div class=\"eael-post-grid eael-post-appender eael-post-appender-ceb2efb eael-post-grid-style-default\" data-layout-mode=\"masonry\"><p class=\"no-posts-found\">No posts found!<\/p><\/div>\n            <div class=\"clearfix\"><\/div>\n        <\/div>\t\t<\/div>\n\t\t\t\t<\/div>\n\t\t<div class=\"elementor-element elementor-element-1f39874 e-con-full e-flex e-con e-parent\" data-id=\"1f39874\" data-element_type=\"container\" data-core-v316-plus=\"true\">\n\t\t\t\t<div class=\"elementor-element elementor-element-0547496 elementor-grid-eael-col-4 elementor-grid-tablet-eael-col-2 elementor-grid-mobile-eael-col-1 elementor-widget elementor-widget-eael-post-grid\" data-id=\"0547496\" data-element_type=\"widget\" data-settings=\"{&quot;eael_post_grid_columns&quot;:&quot;eael-col-4&quot;,&quot;eael_post_grid_columns_tablet&quot;:&quot;eael-col-2&quot;,&quot;eael_post_grid_columns_mobile&quot;:&quot;eael-col-1&quot;}\" data-widget_type=\"eael-post-grid.default\">\n\t\t\t\t<div class=\"elementor-widget-container\">\n\t\t\t<div id=\"eael-post-grid-0547496\" class=\"eael-post-grid-container\">\n            <div class=\"eael-post-grid eael-post-appender eael-post-appender-0547496 eael-post-grid-style-default\" data-layout-mode=\"masonry\"><p class=\"no-posts-found\">No posts found!<\/p><\/div>\n            <div class=\"clearfix\"><\/div>\n        <\/div>\t\t<\/div>\n\t\t\t\t<\/div>\n\t\t\t\t<\/div>\n\t\t\t\t<\/div>\n\t\t<div class=\"elementor-element elementor-element-57de0b3 e-con-full e-flex e-con e-parent\" data-id=\"57de0b3\" data-element_type=\"container\" data-settings=\"{&quot;background_background&quot;:&quot;classic&quot;}\" data-core-v316-plus=\"true\">\n\t\t\t\t<div class=\"elementor-element elementor-element-85fe817 elementor-widget elementor-widget-heading\" data-id=\"85fe817\" data-element_type=\"widget\" data-widget_type=\"heading.default\">\n\t\t\t\t<div class=\"elementor-widget-container\">\n\t\t\t<h2 class=\"elementor-heading-title elementor-size-default\">Cada situaci\u00f3n legal es \u00fanica y requiere una <br>atenci\u00f3n personalizada<\/h2>\t\t<\/div>\n\t\t\t\t<\/div>\n\t\t\t\t<div class=\"elementor-element elementor-element-4499e12 elementor-widget elementor-widget-text-editor\" data-id=\"4499e12\" data-element_type=\"widget\" data-widget_type=\"text-editor.default\">\n\t\t\t\t<div class=\"elementor-widget-container\">\n\t\t\t\t\t\t\t<p>Como abogada comprometida, me dedico a brindar soluciones legales eficientes y efectivas a mis clientes. Ofrecemos asesoramiento legal integral en \u00e1reas como derecho civil, penal, matrimonial y sucesorios. <br \/>Mi objetivo es comprender tus necesidades y metas legales para brindarte un servicio excepcional y una s\u00f3lida representaci\u00f3n legal.<\/p>\n\t\t\t\t\t\t<\/div>\n\t\t\t\t<\/div>\n\t\t\t\t<\/div>\n\t\t<div class=\"elementor-element elementor-element-9b7b176 e-con-full e-flex e-con e-parent\" data-id=\"9b7b176\" data-element_type=\"container\" data-core-v316-plus=\"true\">\n\t\t<div class=\"elementor-element elementor-element-80dc3d8 e-con-full e-flex elementor-invisible e-con e-parent\" data-id=\"80dc3d8\" data-element_type=\"container\" data-settings=\"{&quot;background_background&quot;:&quot;classic&quot;,&quot;motion_fx_motion_fx_scrolling&quot;:&quot;yes&quot;,&quot;motion_fx_translateY_effect&quot;:&quot;yes&quot;,&quot;animation&quot;:&quot;fadeInUp&quot;,&quot;motion_fx_translateY_speed&quot;:{&quot;unit&quot;:&quot;px&quot;,&quot;size&quot;:4,&quot;sizes&quot;:[]},&quot;motion_fx_translateY_affectedRange&quot;:{&quot;unit&quot;:&quot;%&quot;,&quot;size&quot;:&quot;&quot;,&quot;sizes&quot;:{&quot;start&quot;:0,&quot;end&quot;:100}},&quot;motion_fx_devices&quot;:[&quot;widescreen&quot;,&quot;desktop&quot;,&quot;laptop&quot;,&quot;tablet&quot;,&quot;mobile&quot;]}\" data-core-v316-plus=\"true\">\n\t\t\t\t<div class=\"elementor-element elementor-element-c7298fb elementor-widget__width-inherit elementor-widget elementor-widget-image\" data-id=\"c7298fb\" data-element_type=\"widget\" data-widget_type=\"image.default\">\n\t\t\t\t<div class=\"elementor-widget-container\">\n\t\t\t<style>\/*! elementor - v3.20.0 - 13-03-2024 *\/\n.elementor-widget-image{text-align:center}.elementor-widget-image a{display:inline-block}.elementor-widget-image a img[src$=\".svg\"]{width:48px}.elementor-widget-image img{vertical-align:middle;display:inline-block}<\/style>\t\t\t\t\t\t\t\t\t\t<img fetchpriority=\"high\" decoding=\"async\" width=\"800\" height=\"450\" src=\"https:\/\/martiperpinya.es\/wp-content\/uploads\/2023\/06\/9-copia-1024x576.jpg\" class=\"attachment-large size-large wp-image-765\" alt=\"\" srcset=\"https:\/\/martiperpinya.es\/wp-content\/uploads\/2023\/06\/9-copia-1024x576.jpg 1024w, https:\/\/martiperpinya.es\/wp-content\/uploads\/2023\/06\/9-copia-300x169.jpg 300w, https:\/\/martiperpinya.es\/wp-content\/uploads\/2023\/06\/9-copia-768x432.jpg 768w, https:\/\/martiperpinya.es\/wp-content\/uploads\/2023\/06\/9-copia.jpg 1200w\" sizes=\"(max-width: 800px) 100vw, 800px\" \/>\t\t\t\t\t\t\t\t\t\t\t\t\t<\/div>\n\t\t\t\t<\/div>\n\t\t\t\t<\/div>\n\t\t<div class=\"elementor-element elementor-element-d937c13 e-con-full e-flex elementor-invisible e-con e-parent\" data-id=\"d937c13\" data-element_type=\"container\" data-settings=\"{&quot;background_background&quot;:&quot;classic&quot;,&quot;animation&quot;:&quot;fadeInUp&quot;}\" data-core-v316-plus=\"true\">\n\t\t\t\t<div class=\"elementor-element elementor-element-5eadee8 elementor-widget elementor-widget-heading\" data-id=\"5eadee8\" data-element_type=\"widget\" data-widget_type=\"heading.default\">\n\t\t\t\t<div class=\"elementor-widget-container\">\n\t\t\t<h2 class=\"elementor-heading-title elementor-size-default\">Si tienes alguna pregunta o necesitas asesoramiento legal, te ayudamos<\/h2>\t\t<\/div>\n\t\t\t\t<\/div>\n\t\t\t\t<div class=\"elementor-element elementor-element-68e7f7d elementor-widget elementor-widget-text-editor\" data-id=\"68e7f7d\" data-element_type=\"widget\" data-widget_type=\"text-editor.default\">\n\t\t\t\t<div class=\"elementor-widget-container\">\n\t\t\t\t\t\t\t<p>No dudes en contactar con nosotros y resolveremos cualquier duda que tengas.<\/p>\n\t\t\t\t\t\t<\/div>\n\t\t\t\t<\/div>\n\t\t\t\t<div class=\"elementor-element elementor-element-2d68503 elementor-widget elementor-widget-button\" data-id=\"2d68503\" data-element_type=\"widget\" data-widget_type=\"button.default\">\n\t\t\t\t<div class=\"elementor-widget-container\">\n\t\t\t\t\t<div class=\"elementor-button-wrapper\">\n\t\t\t<a class=\"elementor-button elementor-button-link elementor-size-sm elementor-animation-grow\" href=\"https:\/\/martiperpinya.es\/contacte\/\">\n\t\t\t\t\t\t<span class=\"elementor-button-content-wrapper\">\n\t\t\t\t\t\t<span class=\"elementor-button-text\">Formulario de contacto<\/span>\n\t\t<\/span>\n\t\t\t\t\t<\/a>\n\t\t<\/div>\n\t\t\t\t<\/div>\n\t\t\t\t<\/div>\n\t\t\t\t<\/div>\n\t\t\t\t<\/div>\n\t\t\t\t<\/div>\n\t\t","protected":false},"excerpt":{"rendered":"<p>Blog Ad\u00e9ntrate en nuestro blog y descubre un mar de conocimientos legales Encuentra las mejores historias, consejos valiosos e ideas perspicaces para reforzar tus derechos y proteger tus intereses. Entra en el mundo legal con nuestro asesoramiento. Em vull separar i no s\u00e9 per on comen\u00e7ar &#8211; Definitiu &#8211; Copy &#8211; Copy &#8211; Copy Home [&hellip;]<\/p>\n","protected":false},"author":1,"featured_media":0,"parent":0,"menu_order":0,"comment_status":"closed","ping_status":"closed","template":"","meta":{"footnotes":""},"class_list":["post-866","page","type-page","status-publish","hentry"],"yoast_head":"<!-- This site is optimized with the Yoast SEO plugin v22.2 - https:\/\/yoast.com\/wordpress\/plugins\/seo\/ -->\n<title>Blog - Mart\u00ed Perpiny\u00e0 Montserrat Advocada<\/title>\n<meta name=\"robots\" content=\"index, follow, max-snippet:-1, max-image-preview:large, max-video-preview:-1\" \/>\n<link rel=\"canonical\" href=\"https:\/\/martiperpinya.es\/es\/blog\/\" \/>\n<meta property=\"og:locale\" content=\"es_ES\" \/>\n<meta property=\"og:type\" content=\"article\" \/>\n<meta property=\"og:title\" content=\"Blog - Mart\u00ed Perpiny\u00e0 Montserrat Advocada\" \/>\n<meta property=\"og:description\" content=\"Blog Ad\u00e9ntrate en nuestro blog y descubre un mar de conocimientos legales Encuentra las mejores historias, consejos valiosos e ideas perspicaces para reforzar tus derechos y proteger tus intereses. Entra en el mundo legal con nuestro asesoramiento. Em vull separar i no s\u00e9 per on comen\u00e7ar &#8211; Definitiu &#8211; Copy &#8211; Copy &#8211; Copy Home [&hellip;]\" \/>\n<meta property=\"og:url\" content=\"https:\/\/martiperpinya.es\/es\/blog\/\" \/>\n<meta property=\"og:site_name\" content=\"Mart\u00ed Perpiny\u00e0 Montserrat Advocada\" \/>\n<meta property=\"article:modified_time\" content=\"2023-06-27T14:21:51+00:00\" \/>\n<meta property=\"og:image\" content=\"https:\/\/martiperpinya.es\/wp-content\/uploads\/2023\/06\/thomas-lefebvre-gp8BLyaTaA0-unsplash-copia-300x200.jpg\" \/>\n<meta name=\"twitter:card\" content=\"summary_large_image\" \/>\n<meta name=\"twitter:label1\" content=\"Est. reading time\" \/>\n\t<meta name=\"twitter:data1\" content=\"2 minutes\" \/>\n<script type=\"application\/ld+json\" class=\"yoast-schema-graph\">{\"@context\":\"https:\/\/schema.org\",\"@graph\":[{\"@type\":\"WebPage\",\"@id\":\"https:\/\/martiperpinya.es\/es\/blog\/\",\"url\":\"https:\/\/martiperpinya.es\/es\/blog\/\",\"name\":\"Blog - Mart\u00ed Perpiny\u00e0 Montserrat Advocada\",\"isPartOf\":{\"@id\":\"https:\/\/martiperpinya.es\/es\/#website\"},\"primaryImageOfPage\":{\"@id\":\"https:\/\/martiperpinya.es\/es\/blog\/#primaryimage\"},\"image\":{\"@id\":\"https:\/\/martiperpinya.es\/es\/blog\/#primaryimage\"},\"thumbnailUrl\":\"https:\/\/martiperpinya.es\/wp-content\/uploads\/2023\/06\/thomas-lefebvre-gp8BLyaTaA0-unsplash-copia-300x200.jpg\",\"datePublished\":\"2023-06-26T14:27:06+00:00\",\"dateModified\":\"2023-06-27T14:21:51+00:00\",\"breadcrumb\":{\"@id\":\"https:\/\/martiperpinya.es\/es\/blog\/#breadcrumb\"},\"inLanguage\":\"ES\",\"potentialAction\":[{\"@type\":\"ReadAction\",\"target\":[\"https:\/\/martiperpinya.es\/es\/blog\/\"]}]},{\"@type\":\"ImageObject\",\"inLanguage\":\"ES\",\"@id\":\"https:\/\/martiperpinya.es\/es\/blog\/#primaryimage\",\"url\":\"https:\/\/martiperpinya.es\/wp-content\/uploads\/2023\/06\/thomas-lefebvre-gp8BLyaTaA0-unsplash-copia.jpg\",\"contentUrl\":\"https:\/\/martiperpinya.es\/wp-content\/uploads\/2023\/06\/thomas-lefebvre-gp8BLyaTaA0-unsplash-copia.jpg\",\"width\":1200,\"height\":800},{\"@type\":\"BreadcrumbList\",\"@id\":\"https:\/\/martiperpinya.es\/es\/blog\/#breadcrumb\",\"itemListElement\":[{\"@type\":\"ListItem\",\"position\":1,\"name\":\"Inici\",\"item\":\"https:\/\/martiperpinya.es\/es\/\"},{\"@type\":\"ListItem\",\"position\":2,\"name\":\"Blog\"}]},{\"@type\":\"WebSite\",\"@id\":\"https:\/\/martiperpinya.es\/es\/#website\",\"url\":\"https:\/\/martiperpinya.es\/es\/\",\"name\":\"Mart\u00ed Perpiny\u00e0 Montserrat Advocada\",\"description\":\"Llicenciada en Dret per la Universitat Rovira i Virgili en la promoci\u00f3 1999-2003.\",\"publisher\":{\"@id\":\"https:\/\/martiperpinya.es\/es\/#organization\"},\"potentialAction\":[{\"@type\":\"SearchAction\",\"target\":{\"@type\":\"EntryPoint\",\"urlTemplate\":\"https:\/\/martiperpinya.es\/es\/?s={search_term_string}\"},\"query-input\":\"required name=search_term_string\"}],\"inLanguage\":\"ES\"},{\"@type\":\"Organization\",\"@id\":\"https:\/\/martiperpinya.es\/es\/#organization\",\"name\":\"Mart\u00ed Perpiny\u00e0 Montserrat Advocada\",\"url\":\"https:\/\/martiperpinya.es\/es\/\",\"logo\":{\"@type\":\"ImageObject\",\"inLanguage\":\"ES\",\"@id\":\"https:\/\/martiperpinya.es\/es\/#\/schema\/logo\/image\/\",\"url\":\"https:\/\/martiperpinya.es\/wp-content\/uploads\/2023\/06\/logo-advocada.svg\",\"contentUrl\":\"https:\/\/martiperpinya.es\/wp-content\/uploads\/2023\/06\/logo-advocada.svg\",\"width\":214,\"height\":133,\"caption\":\"Mart\u00ed Perpiny\u00e0 Montserrat Advocada\"},\"image\":{\"@id\":\"https:\/\/martiperpinya.es\/es\/#\/schema\/logo\/image\/\"}}]}<\/script>\n<!-- \/ Yoast SEO plugin. -->","yoast_head_json":{"title":"Blog - Mart\u00ed Perpiny\u00e0 Montserrat Advocada","robots":{"index":"index","follow":"follow","max-snippet":"max-snippet:-1","max-image-preview":"max-image-preview:large","max-video-preview":"max-video-preview:-1"},"canonical":"https:\/\/martiperpinya.es\/es\/blog\/","og_locale":"es_ES","og_type":"article","og_title":"Blog - Mart\u00ed Perpiny\u00e0 Montserrat Advocada","og_description":"Blog Ad\u00e9ntrate en nuestro blog y descubre un mar de conocimientos legales Encuentra las mejores historias, consejos valiosos e ideas perspicaces para reforzar tus derechos y proteger tus intereses. Entra en el mundo legal con nuestro asesoramiento. Em vull separar i no s\u00e9 per on comen\u00e7ar &#8211; Definitiu &#8211; Copy &#8211; Copy &#8211; Copy Home [&hellip;]","og_url":"https:\/\/martiperpinya.es\/es\/blog\/","og_site_name":"Mart\u00ed Perpiny\u00e0 Montserrat Advocada","article_modified_time":"2023-06-27T14:21:51+00:00","og_image":[{"url":"https:\/\/martiperpinya.es\/wp-content\/uploads\/2023\/06\/thomas-lefebvre-gp8BLyaTaA0-unsplash-copia-300x200.jpg"}],"twitter_card":"summary_large_image","twitter_misc":{"Est. reading time":"2 minutes"},"schema":{"@context":"https:\/\/schema.org","@graph":[{"@type":"WebPage","@id":"https:\/\/martiperpinya.es\/es\/blog\/","url":"https:\/\/martiperpinya.es\/es\/blog\/","name":"Blog - Mart\u00ed Perpiny\u00e0 Montserrat Advocada","isPartOf":{"@id":"https:\/\/martiperpinya.es\/es\/#website"},"primaryImageOfPage":{"@id":"https:\/\/martiperpinya.es\/es\/blog\/#primaryimage"},"image":{"@id":"https:\/\/martiperpinya.es\/es\/blog\/#primaryimage"},"thumbnailUrl":"https:\/\/martiperpinya.es\/wp-content\/uploads\/2023\/06\/thomas-lefebvre-gp8BLyaTaA0-unsplash-copia-300x200.jpg","datePublished":"2023-06-26T14:27:06+00:00","dateModified":"2023-06-27T14:21:51+00:00","breadcrumb":{"@id":"https:\/\/martiperpinya.es\/es\/blog\/#breadcrumb"},"inLanguage":"ES","potentialAction":[{"@type":"ReadAction","target":["https:\/\/martiperpinya.es\/es\/blog\/"]}]},{"@type":"ImageObject","inLanguage":"ES","@id":"https:\/\/martiperpinya.es\/es\/blog\/#primaryimage","url":"https:\/\/martiperpinya.es\/wp-content\/uploads\/2023\/06\/thomas-lefebvre-gp8BLyaTaA0-unsplash-copia.jpg","contentUrl":"https:\/\/martiperpinya.es\/wp-content\/uploads\/2023\/06\/thomas-lefebvre-gp8BLyaTaA0-unsplash-copia.jpg","width":1200,"height":800},{"@type":"BreadcrumbList","@id":"https:\/\/martiperpinya.es\/es\/blog\/#breadcrumb","itemListElement":[{"@type":"ListItem","position":1,"name":"Inici","item":"https:\/\/martiperpinya.es\/es\/"},{"@type":"ListItem","position":2,"name":"Blog"}]},{"@type":"WebSite","@id":"https:\/\/martiperpinya.es\/es\/#website","url":"https:\/\/martiperpinya.es\/es\/","name":"Mart\u00ed Perpiny\u00e0 Montserrat Advocada","description":"Llicenciada en Dret per la Universitat Rovira i Virgili en la promoci\u00f3 1999-2003.","publisher":{"@id":"https:\/\/martiperpinya.es\/es\/#organization"},"potentialAction":[{"@type":"SearchAction","target":{"@type":"EntryPoint","urlTemplate":"https:\/\/martiperpinya.es\/es\/?s={search_term_string}"},"query-input":"required name=search_term_string"}],"inLanguage":"ES"},{"@type":"Organization","@id":"https:\/\/martiperpinya.es\/es\/#organization","name":"Mart\u00ed Perpiny\u00e0 Montserrat Advocada","url":"https:\/\/martiperpinya.es\/es\/","logo":{"@type":"ImageObject","inLanguage":"ES","@id":"https:\/\/martiperpinya.es\/es\/#\/schema\/logo\/image\/","url":"https:\/\/martiperpinya.es\/wp-content\/uploads\/2023\/06\/logo-advocada.svg","contentUrl":"https:\/\/martiperpinya.es\/wp-content\/uploads\/2023\/06\/logo-advocada.svg","width":214,"height":133,"caption":"Mart\u00ed Perpiny\u00e0 Montserrat Advocada"},"image":{"@id":"https:\/\/martiperpinya.es\/es\/#\/schema\/logo\/image\/"}}]}},"_links":{"self":[{"href":"https:\/\/martiperpinya.es\/es\/wp-json\/wp\/v2\/pages\/866","targetHints":{"allow":["GET"]}}],"collection":[{"href":"https:\/\/martiperpinya.es\/es\/wp-json\/wp\/v2\/pages"}],"about":[{"href":"https:\/\/martiperpinya.es\/es\/wp-json\/wp\/v2\/types\/page"}],"author":[{"embeddable":true,"href":"https:\/\/martiperpinya.es\/es\/wp-json\/wp\/v2\/users\/1"}],"replies":[{"embeddable":true,"href":"https:\/\/martiperpinya.es\/es\/wp-json\/wp\/v2\/comments?post=866"}],"version-history":[{"count":1,"href":"https:\/\/martiperpinya.es\/es\/wp-json\/wp\/v2\/pages\/866\/revisions"}],"predecessor-version":[{"id":867,"href":"https:\/\/martiperpinya.es\/es\/wp-json\/wp\/v2\/pages\/866\/revisions\/867"}],"wp:attachment":[{"href":"https:\/\/martiperpinya.es\/es\/wp-json\/wp\/v2\/media?parent=866"}],"curies":[{"name":"wp","href":"https:\/\/api.w.org\/{rel}","templated":true}]}}